{"id":20,"date":"2025-07-17T02:09:33","date_gmt":"2025-07-17T00:09:33","guid":{"rendered":"https:\/\/ecopassivepro.com\/?page_id=20"},"modified":"2025-07-17T07:17:31","modified_gmt":"2025-07-17T05:17:31","slug":"mission","status":"publish","type":"page","link":"https:\/\/ecopassivepro.com\/index.php\/mission\/","title":{"rendered":"Mission"},"content":{"rendered":"<div class=\"wpb-content-wrapper\"><p>[vc_row][vc_column][vc_single_image image=\u00a0\u00bb103&Prime; img_size=\u00a0\u00bbfull\u00a0\u00bb css=\u00a0\u00bb\u00a0\u00bb][\/vc_column][\/vc_row][vc_row][vc_column][vc_column_text]<\/p>\r\n<h3 class=\"wp-block-heading\"><strong>Notre Engagement<\/strong><\/h3>\r\n\r\n<p>Chez <strong>ECOPASSIVE PRO<\/strong>, nous pla\u00e7ons l\u2019excellence au c\u0153ur de notre m\u00e9tier. Sp\u00e9cialistes de la <strong>construction<\/strong>, du <strong>gros \u0153uvre<\/strong> et de <strong>l\u2019isolation thermique et acoustique<\/strong>, nous nous engageons \u00e0 proposer des solutions performantes, durables et accessibles.<\/p>\r\n\r\n<p>&nbsp;<\/p>\r\n\r\n<h3 class=\"wp-block-heading\"><strong>Fabrication 100 % marocaine<\/strong><\/h3>\r\n\r\n<p>Nous sommes fiers d\u2019annoncer que <strong>l\u2019ensemble de nos produits est d\u00e9sormais fabriqu\u00e9 \u00e0 100 % au Maroc<\/strong>. Cette d\u00e9marche renforce notre capacit\u00e9 \u00e0 :<\/p>\r\n\r\n<p>&nbsp;<\/p>\r\n\r\n<ul class=\"wp-block-list\">\r\n<li style=\"list-style-type: none;\">\r\n<ul class=\"wp-block-list\">\r\n<li>garantir des <strong>d\u00e9lais ma\u00eetris\u00e9s<\/strong>,<\/li>\r\n\r\n\r\n\r\n<li><strong>soutenir l\u2019\u00e9conomie locale<\/strong>,<\/li>\r\n\r\n\r\n\r\n<li>proposer des <strong>tarifs comp\u00e9titifs<\/strong> sans compromis sur la qualit\u00e9.<\/li>\r\n<\/ul>\r\n<\/li>\r\n<\/ul>\r\n<p><\/p>\r\n\r\n<p>&nbsp;<\/p>\r\n\r\n<h3 class=\"wp-block-heading\"><strong>Une vision tourn\u00e9e vers l\u2019avenir<\/strong><\/h3>\r\n\r\n<p>Notre mission est de <strong>contribuer activement \u00e0 une industrie marocaine moderne et durable<\/strong>, en valorisant les <strong>savoir-faire locaux<\/strong> et en int\u00e9grant des <strong>technologies \u00e0 haute efficacit\u00e9 \u00e9nerg\u00e9tique<\/strong>, conformes aux normes internationales les plus strictes.<\/p>\r\n\r\n<p>&nbsp;<\/p>\r\n\r\n<h3 class=\"wp-block-heading\"><strong>Notre ambition<\/strong><\/h3>\r\n\r\n<p>Faire du Maroc un <strong>acteur r\u00e9gional majeur de la construction durable<\/strong>. En misant sur l\u2019innovation, la qualit\u00e9 et la responsabilit\u00e9, ECOPASSIVE PRO entend jouer un r\u00f4le cl\u00e9 dans le d\u00e9veloppement national tout en garantissant \u00e0 ses clients des produits <strong>fiables<\/strong>, <strong>accessibles<\/strong> et de <strong>qualit\u00e9 sup\u00e9rieure<\/strong>.<\/p>\r\n<p>[\/vc_column_text][\/vc_column][\/vc_row]<\/p><\/div>","protected":false},"excerpt":{"rendered":"<p>[vc_row][vc_column][vc_single_image image=\u00a0\u00bb103&Prime; img_size=\u00a0\u00bbfull\u00a0\u00bb css=\u00a0\u00bb\u00a0\u00bb][\/vc_column][\/vc_row][vc_row][vc_column][vc_column_text] Notre Engagement Chez ECOPASSIVE PRO, nous pla\u00e7ons l\u2019excellence au c\u0153ur de notre m\u00e9tier. Sp\u00e9cialistes de la construction, du gros \u0153uvre et de l\u2019isolation thermique et acoustique, nous nous engageons \u00e0 proposer des solutions performantes, durables et accessibles. &nbsp; Fabrication 100 % marocaine Nous sommes fiers d\u2019annoncer que l\u2019ensemble de nos produits&hellip;<\/p>\n","protected":false},"author":1,"featured_media":0,"parent":0,"menu_order":0,"comment_status":"closed","ping_status":"closed","template":"","meta":{"footnotes":""},"class_list":["post-20","page","type-page","status-publish","hentry","description-off"],"_links":{"self":[{"href":"https:\/\/ecopassivepro.com\/index.php\/wp-json\/wp\/v2\/pages\/20","targetHints":{"allow":["GET"]}}],"collection":[{"href":"https:\/\/ecopassivepro.com\/index.php\/wp-json\/wp\/v2\/pages"}],"about":[{"href":"https:\/\/ecopassivepro.com\/index.php\/wp-json\/wp\/v2\/types\/page"}],"author":[{"embeddable":true,"href":"https:\/\/ecopassivepro.com\/index.php\/wp-json\/wp\/v2\/users\/1"}],"replies":[{"embeddable":true,"href":"https:\/\/ecopassivepro.com\/index.php\/wp-json\/wp\/v2\/comments?post=20"}],"version-history":[{"count":6,"href":"https:\/\/ecopassivepro.com\/index.php\/wp-json\/wp\/v2\/pages\/20\/revisions"}],"predecessor-version":[{"id":108,"href":"https:\/\/ecopassivepro.com\/index.php\/wp-json\/wp\/v2\/pages\/20\/revisions\/108"}],"wp:attachment":[{"href":"https:\/\/ecopassivepro.com\/index.php\/wp-json\/wp\/v2\/media?parent=20"}],"curies":[{"name":"wp","href":"https:\/\/api.w.org\/{rel}","templated":true}]}}