{"id":23,"date":"2025-07-17T05:42:57","date_gmt":"2025-07-17T03:42:57","guid":{"rendered":"https:\/\/ecopassivepro.com\/?page_id=23"},"modified":"2025-07-17T07:13:20","modified_gmt":"2025-07-17T05:13:20","slug":"qui-siommes-nous","status":"publish","type":"page","link":"https:\/\/ecopassivepro.com\/index.php\/qui-siommes-nous\/","title":{"rendered":"Qui sommes-nous ?"},"content":{"rendered":"<div class=\"wpb-content-wrapper\"><p>[vc_row][vc_column width=\u00a0\u00bb1\/2&Prime;][vc_column_text]<\/p>\n<h2 data-start=\"150\" data-end=\"185\"><strong data-start=\"153\" data-end=\"185\">Pr\u00e9sentation de l\u2019Entreprise<\/strong><\/h2>\n<p data-start=\"187\" data-end=\"391\"><strong data-start=\"187\" data-end=\"205\">ECOPASSIVE PRO<\/strong> est une entreprise sp\u00e9cialis\u00e9e dans le d\u00e9veloppement de solutions de construction <strong data-start=\"288\" data-end=\"345\">solides, durables et respectueuses de l\u2019environnement<\/strong>, notamment dans le domaine du <strong data-start=\"376\" data-end=\"390\">gros \u0153uvre<\/strong>.<\/p>\n<p data-start=\"393\" data-end=\"555\">Notre approche repose sur une vision innovante du b\u00e2timent, o\u00f9 performance technique, efficacit\u00e9 \u00e9nerg\u00e9tique et respect des normes environnementales vont de pair.<\/p>\n<h3 data-start=\"557\" data-end=\"618\"><strong data-start=\"561\" data-end=\"618\">Une innovation continue au service des professionnels<\/strong><\/h3>\n<p data-start=\"620\" data-end=\"813\">Aujourd\u2019hui, nous sommes fiers de pr\u00e9senter la <strong data-start=\"667\" data-end=\"722\">troisi\u00e8me version de notre bloc de coffrage isolant<\/strong>, fruit de plusieurs ann\u00e9es de recherche, d\u2019am\u00e9lioration et de retour d\u2019exp\u00e9rience terrain.<\/p>\n<p data-start=\"815\" data-end=\"1011\">Ce produit a \u00e9t\u00e9 con\u00e7u pour offrir aux professionnels du b\u00e2timent une solution de <strong data-start=\"897\" data-end=\"962\">construction \u00e0 la fois rapide, efficace et hautement isolante<\/strong>, r\u00e9pondant aux exigences des chantiers modernes.<\/p>\n<h3 data-start=\"1013\" data-end=\"1036\"><strong data-start=\"1017\" data-end=\"1036\">Nos engagements<\/strong><\/h3>\n<ul data-start=\"1038\" data-end=\"1480\">\n<li data-start=\"1038\" data-end=\"1132\">\n<p data-start=\"1040\" data-end=\"1132\"><strong data-start=\"1040\" data-end=\"1064\">Excellence technique<\/strong> : des mat\u00e9riaux fiables, test\u00e9s et adapt\u00e9s aux r\u00e9alit\u00e9s du terrain.<\/p>\n<\/li>\n<li data-start=\"1133\" data-end=\"1261\">\n<p data-start=\"1135\" data-end=\"1261\"><strong data-start=\"1135\" data-end=\"1166\">Fabrication 100 % marocaine<\/strong> : pour une disponibilit\u00e9 rapide, des co\u00fbts ma\u00eetris\u00e9s et un soutien direct \u00e0 l\u2019\u00e9conomie locale.<\/p>\n<\/li>\n<li data-start=\"1262\" data-end=\"1382\">\n<p data-start=\"1264\" data-end=\"1382\"><strong data-start=\"1264\" data-end=\"1294\">Respect de l\u2019environnement<\/strong> : des solutions durables qui r\u00e9duisent l\u2019empreinte carbone des projets de construction.<\/p>\n<\/li>\n<li data-start=\"1383\" data-end=\"1480\">\n<p data-start=\"1385\" data-end=\"1480\"><strong data-start=\"1385\" data-end=\"1417\">Accompagnement professionnel<\/strong> : un support technique d\u00e9di\u00e9 pour chaque \u00e9tape de vos projets.<\/p>\n<\/li>\n<\/ul>\n<p>[\/vc_column_text][\/vc_column][vc_column width=\u00a0\u00bb1\/2&Prime;][vc_single_image image=\u00a0\u00bb101&Prime; img_size=\u00a0\u00bbfull\u00a0\u00bb css=\u00a0\u00bb\u00a0\u00bb][\/vc_column][\/vc_row][vc_row][vc_column][vc_column_text css=\u00a0\u00bb\u00a0\u00bb]<\/p>\n<h3 data-start=\"135\" data-end=\"169\"><strong data-start=\"139\" data-end=\"169\">NOTRE AMBITION POUR DEMAIN<\/strong><\/h3>\n<p data-start=\"171\" data-end=\"378\"><strong data-start=\"171\" data-end=\"189\">ECOPASSIVE PRO<\/strong> s\u2019engage \u00e0 exceller dans les domaines de la <strong data-start=\"234\" data-end=\"250\">construction<\/strong>, du <strong data-start=\"255\" data-end=\"269\">gros \u0153uvre<\/strong> et de <strong data-start=\"276\" data-end=\"291\">l\u2019isolation<\/strong>, en proposant des solutions <strong data-start=\"320\" data-end=\"334\">novatrices<\/strong>, <strong data-start=\"336\" data-end=\"348\">durables<\/strong> et <strong data-start=\"352\" data-end=\"375\">hautes performances<\/strong>.<\/p>\n<p data-start=\"380\" data-end=\"437\">Ancr\u00e9e dans l\u2019expertise marocaine, notre mission est de :<\/p>\n<ul data-start=\"439\" data-end=\"923\">\n<li data-start=\"439\" data-end=\"631\">\n<p data-start=\"441\" data-end=\"631\"><strong data-start=\"441\" data-end=\"476\">Valoriser le savoir-faire local<\/strong> \u00e0 travers une cha\u00eene de fabrication responsable et l\u2019utilisation de mat\u00e9riaux \u00e9coresponsables, notamment le <strong data-start=\"585\" data-end=\"628\">polystyr\u00e8ne expans\u00e9 \u00e0 haute performance<\/strong>.<\/p>\n<\/li>\n<li data-start=\"632\" data-end=\"835\">\n<p data-start=\"634\" data-end=\"835\"><strong data-start=\"634\" data-end=\"687\">Accompagner les projets de d\u00e9veloppement au Maroc<\/strong> en contribuant activement \u00e0 l\u2019\u00e9dification d\u2019un <strong data-start=\"735\" data-end=\"754\">habitat durable<\/strong>, respectueux de l\u2019environnement et adapt\u00e9 aux besoins des g\u00e9n\u00e9rations futures.<\/p>\n<\/li>\n<li data-start=\"836\" data-end=\"923\">\n<p data-start=\"838\" data-end=\"923\">Faire du Maroc une <strong data-start=\"857\" data-end=\"880\">r\u00e9f\u00e9rence africaine<\/strong> en mati\u00e8re de <strong data-start=\"895\" data-end=\"922\">construction \u00e9cologique<\/strong>.<\/p>\n<\/li>\n<\/ul>\n<p>[\/vc_column_text][\/vc_column][\/vc_row]<\/p>\n<\/div>","protected":false},"excerpt":{"rendered":"<p>[vc_row][vc_column width=\u00a0\u00bb1\/2&Prime;][vc_column_text] Pr\u00e9sentation de l\u2019Entreprise ECOPASSIVE PRO est une entreprise sp\u00e9cialis\u00e9e dans le d\u00e9veloppement de solutions de construction solides, durables et respectueuses de l\u2019environnement, notamment dans le domaine du gros \u0153uvre. Notre approche repose sur une vision innovante du b\u00e2timent, o\u00f9 performance technique, efficacit\u00e9 \u00e9nerg\u00e9tique et respect des normes environnementales vont de pair. Une innovation&hellip;<\/p>\n","protected":false},"author":1,"featured_media":0,"parent":0,"menu_order":0,"comment_status":"closed","ping_status":"closed","template":"","meta":{"footnotes":""},"class_list":["post-23","page","type-page","status-publish","hentry","description-off"],"_links":{"self":[{"href":"https:\/\/ecopassivepro.com\/index.php\/wp-json\/wp\/v2\/pages\/23","targetHints":{"allow":["GET"]}}],"collection":[{"href":"https:\/\/ecopassivepro.com\/index.php\/wp-json\/wp\/v2\/pages"}],"about":[{"href":"https:\/\/ecopassivepro.com\/index.php\/wp-json\/wp\/v2\/types\/page"}],"author":[{"embeddable":true,"href":"https:\/\/ecopassivepro.com\/index.php\/wp-json\/wp\/v2\/users\/1"}],"replies":[{"embeddable":true,"href":"https:\/\/ecopassivepro.com\/index.php\/wp-json\/wp\/v2\/comments?post=23"}],"version-history":[{"count":8,"href":"https:\/\/ecopassivepro.com\/index.php\/wp-json\/wp\/v2\/pages\/23\/revisions"}],"predecessor-version":[{"id":102,"href":"https:\/\/ecopassivepro.com\/index.php\/wp-json\/wp\/v2\/pages\/23\/revisions\/102"}],"wp:attachment":[{"href":"https:\/\/ecopassivepro.com\/index.php\/wp-json\/wp\/v2\/media?parent=23"}],"curies":[{"name":"wp","href":"https:\/\/api.w.org\/{rel}","templated":true}]}}