{"id":46,"date":"2025-07-17T06:03:53","date_gmt":"2025-07-17T04:03:53","guid":{"rendered":"https:\/\/ecopassivepro.com\/?page_id=46"},"modified":"2025-07-17T06:32:39","modified_gmt":"2025-07-17T04:32:39","slug":"avantages","status":"publish","type":"page","link":"https:\/\/ecopassivepro.com\/index.php\/avantages\/","title":{"rendered":"Avantages"},"content":{"rendered":"<div class=\"wpb-content-wrapper\"><p>[vc_row][vc_column width=\u00a0\u00bb1\/6&Prime;]<div class=\"ult-just-icon-wrapper  \"><div class=\"align-icon\" style=\"text-align:center;\">\n<div class=\"aio-icon-img \" style=\"font-size:75px;display:inline-block;\" >\n\t<img decoding=\"async\" class=\"img-icon\" alt=\"null\" src=\"https:\/\/ecopassivepro.com\/wp-content\/uploads\/2025\/07\/valeur1.jpg\"\/>\n<\/div><\/div><\/div>[vc_column_text css=\u00a0\u00bb\u00a0\u00bb]<\/p>\n<h3 class=\"p1\" style=\"text-align: center;\">Isolation Thermique<\/h3>\n<p class=\"p2\" style=\"text-align: center;\">Performance thermique optimale pour r\u00e9duire les co\u00fbts \u00e9nerg\u00e9tique<\/p>\n<p>[\/vc_column_text][\/vc_column][vc_column width=\u00a0\u00bb1\/6&Prime;]<div class=\"ult-just-icon-wrapper  \"><div class=\"align-icon\" style=\"text-align:center;\">\n<div class=\"aio-icon-img \" style=\"font-size:75px;display:inline-block;\" >\n\t<img decoding=\"async\" class=\"img-icon\" alt=\"null\" src=\"https:\/\/ecopassivepro.com\/wp-content\/uploads\/2025\/07\/valeur2.jpg\"\/>\n<\/div><\/div><\/div>[vc_column_text css=\u00a0\u00bb\u00a0\u00bb]<\/p>\n<h3 class=\"p1\" style=\"text-align: center;\">Isolation Acoustique<\/h3>\n<p class=\"p2\" style=\"text-align: center;\">R\u00e9duction efficace des bruits ext\u00e9rieurs pour un confort optimal.<\/p>\n<p>[\/vc_column_text][\/vc_column][vc_column width=\u00a0\u00bb1\/6&Prime;]<div class=\"ult-just-icon-wrapper  \"><div class=\"align-icon\" style=\"text-align:center;\">\n<div class=\"aio-icon-img \" style=\"font-size:75px;display:inline-block;\" >\n\t<img decoding=\"async\" class=\"img-icon\" alt=\"null\" src=\"https:\/\/ecopassivepro.com\/wp-content\/uploads\/2025\/07\/valeur4.jpg\"\/>\n<\/div><\/div><\/div>[vc_column_text css=\u00a0\u00bb\u00a0\u00bb]<\/p>\n<h3 class=\"p1\" style=\"text-align: center;\">\u00c9cologique<\/h3>\n<p class=\"p2\" style=\"text-align: center;\">Mat\u00e9riaux respectueux de l&rsquo;environnement et durables<\/p>\n<p>[\/vc_column_text][\/vc_column][vc_column width=\u00a0\u00bb1\/6&Prime;]<div class=\"ult-just-icon-wrapper  \"><div class=\"align-icon\" style=\"text-align:center;\">\n<div class=\"aio-icon-img \" style=\"font-size:75px;display:inline-block;\" >\n\t<img decoding=\"async\" class=\"img-icon\" alt=\"null\" src=\"https:\/\/ecopassivepro.com\/wp-content\/uploads\/2025\/07\/valeur3.jpg\"\/>\n<\/div><\/div><\/div>[vc_column_text css=\u00a0\u00bb\u00a0\u00bb]<\/p>\n<h3 class=\"p1\" style=\"text-align: center;\">Facilit\u00e9 d&rsquo;Installation<\/h3>\n<p class=\"p2\" style=\"text-align: center;\">Produits l\u00e9gers et faciles \u00e0 manipuler pour une pose rapide<\/p>\n<p>[\/vc_column_text][\/vc_column][vc_column width=\u00a0\u00bb1\/6&Prime;]<div class=\"ult-just-icon-wrapper  \"><div class=\"align-icon\" style=\"text-align:center;\">\n<div class=\"aio-icon-img \" style=\"font-size:75px;display:inline-block;\" >\n\t<img decoding=\"async\" class=\"img-icon\" alt=\"null\" src=\"https:\/\/ecopassivepro.com\/wp-content\/uploads\/2025\/07\/valeur5.jpg\"\/>\n<\/div><\/div><\/div>[vc_column_text css=\u00a0\u00bb\u00a0\u00bb]<\/p>\n<h3 class=\"p1\" style=\"text-align: center;\">Qualit\u00e9 Garantie<\/h3>\n<p class=\"p2\" style=\"text-align: center;\">Fabrication locale aux standards internationaux les plus \u00e9lev\u00e9s<\/p>\n<p>[\/vc_column_text][\/vc_column][vc_column width=\u00a0\u00bb1\/6&Prime;]<div class=\"ult-just-icon-wrapper  \"><div class=\"align-icon\" style=\"text-align:center;\">\n<div class=\"aio-icon-img \" style=\"font-size:75px;display:inline-block;\" >\n\t<img decoding=\"async\" class=\"img-icon\" alt=\"null\" src=\"https:\/\/ecopassivepro.com\/wp-content\/uploads\/2025\/07\/valeur6.jpg\"\/>\n<\/div><\/div><\/div>[vc_column_text css=\u00a0\u00bb\u00a0\u00bb]<\/p>\n<h3 class=\"p1\" style=\"text-align: center;\">Livraison Rapide<\/h3>\n<p class=\"p2\" style=\"text-align: center;\">Service de livraison efficace sur tout le territoire marocain<\/p>\n<p>[\/vc_column_text][\/vc_column][\/vc_row]<\/p>\n<\/div>","protected":false},"excerpt":{"rendered":"<p>[vc_row][vc_column width=\u00a0\u00bb1\/6&Prime;][vc_column_text css=\u00a0\u00bb\u00a0\u00bb] Isolation Thermique Performance thermique optimale pour r\u00e9duire les co\u00fbts \u00e9nerg\u00e9tique [\/vc_column_text][\/vc_column][vc_column width=\u00a0\u00bb1\/6&Prime;][vc_column_text css=\u00a0\u00bb\u00a0\u00bb] Isolation Acoustique R\u00e9duction efficace des bruits ext\u00e9rieurs pour un confort optimal. [\/vc_column_text][\/vc_column][vc_column width=\u00a0\u00bb1\/6&Prime;][vc_column_text css=\u00a0\u00bb\u00a0\u00bb] \u00c9cologique Mat\u00e9riaux respectueux de l&rsquo;environnement et durables [\/vc_column_text][\/vc_column][vc_column width=\u00a0\u00bb1\/6&Prime;][vc_column_text css=\u00a0\u00bb\u00a0\u00bb] Facilit\u00e9 d&rsquo;Installation Produits l\u00e9gers et faciles \u00e0 manipuler pour une pose rapide [\/vc_column_text][\/vc_column][vc_column width=\u00a0\u00bb1\/6&Prime;][vc_column_text css=\u00a0\u00bb\u00a0\u00bb]&hellip;<\/p>\n","protected":false},"author":1,"featured_media":0,"parent":0,"menu_order":0,"comment_status":"closed","ping_status":"closed","template":"","meta":{"footnotes":""},"class_list":["post-46","page","type-page","status-publish","hentry","description-off"],"_links":{"self":[{"href":"https:\/\/ecopassivepro.com\/index.php\/wp-json\/wp\/v2\/pages\/46","targetHints":{"allow":["GET"]}}],"collection":[{"href":"https:\/\/ecopassivepro.com\/index.php\/wp-json\/wp\/v2\/pages"}],"about":[{"href":"https:\/\/ecopassivepro.com\/index.php\/wp-json\/wp\/v2\/types\/page"}],"author":[{"embeddable":true,"href":"https:\/\/ecopassivepro.com\/index.php\/wp-json\/wp\/v2\/users\/1"}],"replies":[{"embeddable":true,"href":"https:\/\/ecopassivepro.com\/index.php\/wp-json\/wp\/v2\/comments?post=46"}],"version-history":[{"count":15,"href":"https:\/\/ecopassivepro.com\/index.php\/wp-json\/wp\/v2\/pages\/46\/revisions"}],"predecessor-version":[{"id":69,"href":"https:\/\/ecopassivepro.com\/index.php\/wp-json\/wp\/v2\/pages\/46\/revisions\/69"}],"wp:attachment":[{"href":"https:\/\/ecopassivepro.com\/index.php\/wp-json\/wp\/v2\/media?parent=46"}],"curies":[{"name":"wp","href":"https:\/\/api.w.org\/{rel}","templated":true}]}}