{"id":68,"date":"2025-07-17T06:34:30","date_gmt":"2025-07-17T04:34:30","guid":{"rendered":"https:\/\/ecopassivepro.com\/?page_id=68"},"modified":"2025-07-17T06:39:02","modified_gmt":"2025-07-17T04:39:02","slug":"engagement","status":"publish","type":"page","link":"https:\/\/ecopassivepro.com\/index.php\/engagement\/","title":{"rendered":"Engagement"},"content":{"rendered":"<div class=\"wpb-content-wrapper\"><p>[vc_row][vc_column]<div class=\"stats-block stats-top  \"><div class=\"aio-icon-top\"><div class=\"ult-just-icon-wrapper  \"><div class=\"align-icon\" style=\"text-align:center;\"><\/div><\/div><\/div><div class=\"stats-desc\" id=\"counter-responsv-wrap-5899\"><div id=\"counter_208690452269e2e79b767c4\" data-id=\"counter_208690452269e2e79b767c4\"  data-ultimate-target='#counter-responsv-wrap-5899 .stats-number'  data-responsive-json-new='{\"font-size\":\"\",\"line-height\":\"\"}'  class=\"stats-number ult-responsive\" style=\"font-size:28px;  \" data-speed=\"3\" data-counter-value=\"160\" data-separator=\",\" data-decimal=\".\">0<\/div><div class=\"counter_suffix mycust ult-responsive\"  data-ultimate-target='#counter-responsv-wrap-5899 .mycust'  data-responsive-json-new='{\"font-size\":\"\",\"line-height\":\"\"}'  style=\"font-size:28px; color:\">+<\/div><div id=\"title-counter_208690452269e2e79b767c4\"  data-ultimate-target='#counter-responsv-wrap-5899 .stats-text'  data-responsive-json-new='{\"font-size\":\"\",\"line-height\":\"\"}'  class=\"stats-text ult-responsive\" style=\"font-size:18px;  \"><\/div><\/div><\/div>[\/vc_column][\/vc_row][vc_row][vc_column width=\u00a0\u00bb1\/2&Prime;][vc_row_inner][vc_column_inner width=\u00a0\u00bb1\/4&Prime;][vc_column_text css=\u00a0\u00bb\u00a0\u00bb]<\/p>\n<h4>01.<\/h4>\n<p>[\/vc_column_text][\/vc_column_inner][vc_column_inner width=\u00a0\u00bb3\/4&Prime;][vc_column_text css=\u00a0\u00bb\u00a0\u00bb]Nous nous engageons \u00e0 livrer des ouvrages durables, solides et conformes aux normes les plus exigeantes. Chaque projet est conduit avec une attention particuli\u00e8re port\u00e9e \u00e0 la qualit\u00e9 d\u2019ex\u00e9cution, du gros \u0153uvre jusqu\u2019aux finitions.[\/vc_column_text][\/vc_column_inner][\/vc_row_inner][\/vc_column][vc_column width=\u00a0\u00bb1\/2&Prime;][vc_row_inner][vc_column_inner width=\u00a0\u00bb1\/4&Prime;][vc_column_text css=\u00a0\u00bb\u00a0\u00bb]<\/p>\n<h4>02.<\/h4>\n<p>[\/vc_column_text][\/vc_column_inner][vc_column_inner width=\u00a0\u00bb3\/4&Prime;][vc_column_text css=\u00a0\u00bb\u00a0\u00bb]La rigueur dans la gestion de nos chantiers est au c\u0153ur de notre m\u00e9thodologie. Gr\u00e2ce \u00e0 une planification ma\u00eetris\u00e9e et un suivi continu, nous garantissons \u00e0 nos clients le respect des d\u00e9lais et des co\u00fbts annonc\u00e9s.[\/vc_column_text][\/vc_column_inner][\/vc_row_inner][\/vc_column][\/vc_row][vc_row][vc_column width=\u00a0\u00bb1\/2&Prime;][vc_row_inner][vc_column_inner width=\u00a0\u00bb1\/4&Prime;][vc_column_text css=\u00a0\u00bb\u00a0\u00bb]<\/p>\n<h4>03.<\/h4>\n<p>[\/vc_column_text][\/vc_column_inner][vc_column_inner width=\u00a0\u00bb3\/4&Prime;][vc_column_text css=\u00a0\u00bb\u00a0\u00bb]Notre savoir-faire repose sur une \u00e9quipe pluridisciplinaire, capable de proposer des solutions techniques pertinentes, innovantes et adapt\u00e9es \u00e0 chaque projet. Nous accompagnons nos clients \u00e0 chaque \u00e9tape, de l\u2019\u00e9tude \u00e0 la r\u00e9alisation.[\/vc_column_text][\/vc_column_inner][\/vc_row_inner][\/vc_column][vc_column width=\u00a0\u00bb1\/2&Prime;][vc_row_inner][vc_column_inner width=\u00a0\u00bb1\/4&Prime;][vc_column_text css=\u00a0\u00bb\u00a0\u00bb]<\/p>\n<h4>04.<\/h4>\n<p>[\/vc_column_text][\/vc_column_inner][vc_column_inner width=\u00a0\u00bb3\/4&Prime;][vc_column_text css=\u00a0\u00bb\u00a0\u00bb]<\/p>\n<p class=\"p1\">Nous pla\u00e7ons l\u2019int\u00e9grit\u00e9, la transparence et la responsabilit\u00e9 sociale et environnementale au centre de notre d\u00e9marche. Chaque chantier est men\u00e9 dans le respect des normes de s\u00e9curit\u00e9, du cadre r\u00e9glementaire et de l\u2019environnement.<\/p>\n<p>[\/vc_column_text][\/vc_column_inner][\/vc_row_inner][\/vc_column][\/vc_row]<\/p>\n<\/div>","protected":false},"excerpt":{"rendered":"<p>[vc_row][vc_column][\/vc_column][\/vc_row][vc_row][vc_column width=\u00a0\u00bb1\/2&Prime;][vc_row_inner][vc_column_inner width=\u00a0\u00bb1\/4&Prime;][vc_column_text css=\u00a0\u00bb\u00a0\u00bb] 01. [\/vc_column_text][\/vc_column_inner][vc_column_inner width=\u00a0\u00bb3\/4&Prime;][vc_column_text css=\u00a0\u00bb\u00a0\u00bb]Nous nous engageons \u00e0 livrer des ouvrages durables, solides et conformes aux normes les plus exigeantes. Chaque projet est conduit avec une attention particuli\u00e8re port\u00e9e \u00e0 la qualit\u00e9 d\u2019ex\u00e9cution, du gros \u0153uvre jusqu\u2019aux finitions.[\/vc_column_text][\/vc_column_inner][\/vc_row_inner][\/vc_column][vc_column width=\u00a0\u00bb1\/2&Prime;][vc_row_inner][vc_column_inner width=\u00a0\u00bb1\/4&Prime;][vc_column_text css=\u00a0\u00bb\u00a0\u00bb] 02. [\/vc_column_text][\/vc_column_inner][vc_column_inner width=\u00a0\u00bb3\/4&Prime;][vc_column_text css=\u00a0\u00bb\u00a0\u00bb]La rigueur dans la gestion de nos chantiers&hellip;<\/p>\n","protected":false},"author":1,"featured_media":0,"parent":0,"menu_order":0,"comment_status":"closed","ping_status":"closed","template":"","meta":{"footnotes":""},"class_list":["post-68","page","type-page","status-publish","hentry","description-off"],"_links":{"self":[{"href":"https:\/\/ecopassivepro.com\/index.php\/wp-json\/wp\/v2\/pages\/68","targetHints":{"allow":["GET"]}}],"collection":[{"href":"https:\/\/ecopassivepro.com\/index.php\/wp-json\/wp\/v2\/pages"}],"about":[{"href":"https:\/\/ecopassivepro.com\/index.php\/wp-json\/wp\/v2\/types\/page"}],"author":[{"embeddable":true,"href":"https:\/\/ecopassivepro.com\/index.php\/wp-json\/wp\/v2\/users\/1"}],"replies":[{"embeddable":true,"href":"https:\/\/ecopassivepro.com\/index.php\/wp-json\/wp\/v2\/comments?post=68"}],"version-history":[{"count":7,"href":"https:\/\/ecopassivepro.com\/index.php\/wp-json\/wp\/v2\/pages\/68\/revisions"}],"predecessor-version":[{"id":76,"href":"https:\/\/ecopassivepro.com\/index.php\/wp-json\/wp\/v2\/pages\/68\/revisions\/76"}],"wp:attachment":[{"href":"https:\/\/ecopassivepro.com\/index.php\/wp-json\/wp\/v2\/media?parent=68"}],"curies":[{"name":"wp","href":"https:\/\/api.w.org\/{rel}","templated":true}]}}